{"id":1656,"date":"2025-11-17T11:50:17","date_gmt":"2025-11-17T11:50:17","guid":{"rendered":"https:\/\/www.myportugalexperience.com\/blog\/?p=1656"},"modified":"2026-01-15T15:27:12","modified_gmt":"2026-01-15T15:27:12","slug":"alojamento-em-vilamoura","status":"publish","type":"page","link":"https:\/\/www.myportugalexperience.com\/blog\/alojamento-em-vilamoura\/","title":{"rendered":"Alojamento em Vilamoura"},"content":{"rendered":"\t\t<div data-elementor-type=\"wp-post\" data-elementor-id=\"1656\" class=\"elementor elementor-1656 elementor-1625\" data-elementor-post-type=\"page\">\n\t\t\t\t<div class=\"elementor-element elementor-element-57f4e082 e-flex e-con-boxed e-con e-parent\" data-id=\"57f4e082\" data-element_type=\"container\">\n\t\t\t\t\t<div class=\"e-con-inner\">\n\t\t<div class=\"elementor-element elementor-element-1ba100da e-con-full e-flex e-con e-child\" data-id=\"1ba100da\" data-element_type=\"container\">\n\t\t<div class=\"elementor-element elementor-element-5539d48f e-con-full e-flex e-con e-child\" data-id=\"5539d48f\" data-element_type=\"container\">\n\t\t\t\t<div class=\"elementor-element elementor-element-2a3caaa6 elementor-widget__width-initial elementor-widget elementor-widget-text-editor\" data-id=\"2a3caaa6\" data-element_type=\"widget\" data-widget_type=\"text-editor.default\">\n\t\t\t\t<div class=\"elementor-widget-container\">\n\t\t\t\t\t\t\t\t\t<p>EXPLORE PORTUGAL<\/p>\t\t\t\t\t\t\t\t<\/div>\n\t\t\t\t<\/div>\n\t\t\t\t<div class=\"elementor-element elementor-element-7ce089e9 elementor-widget elementor-widget-heading\" data-id=\"7ce089e9\" data-element_type=\"widget\" data-widget_type=\"heading.default\">\n\t\t\t\t<div class=\"elementor-widget-container\">\n\t\t\t\t\t<h1 class=\"elementor-heading-title elementor-size-default\">Alojamento em\n<b>VILAMOURA<\/b>\n<\/h1>\t\t\t\t<\/div>\n\t\t\t\t<\/div>\n\t\t\t\t<\/div>\n\t\t<div class=\"elementor-element elementor-element-420ebcdc e-con-full elementor-hidden-tablet e-flex e-con e-child\" data-id=\"420ebcdc\" data-element_type=\"container\">\n\t\t<div class=\"elementor-element elementor-element-33c64b0d e-con-full e-flex e-con e-child\" data-id=\"33c64b0d\" data-element_type=\"container\">\n\t\t\t\t<div class=\"elementor-element elementor-element-205d2e32 elementor-widget-tablet__width-initial elementor-invisible elementor-widget elementor-widget-image\" data-id=\"205d2e32\" data-element_type=\"widget\" data-settings=\"{&quot;_animation&quot;:&quot;fadeInUp&quot;,&quot;_animation_mobile&quot;:&quot;fadeIn&quot;,&quot;_animation_delay&quot;:200}\" data-widget_type=\"image.default\">\n\t\t\t\t<div class=\"elementor-widget-container\">\n\t\t\t\t\t\t\t\t\t\t\t\t\t\t\t\t<a href=\"https:\/\/www.myportugalexperience.com\/blog\/wp-content\/uploads\/2025\/11\/accommodation-vilamoura.webp\" data-elementor-open-lightbox=\"no\">\n\t\t\t\t\t\t\t<img fetchpriority=\"high\" decoding=\"async\" width=\"800\" height=\"800\" src=\"https:\/\/www.myportugalexperience.com\/blog\/wp-content\/uploads\/2025\/11\/accommodation-vilamoura.webp\" class=\"attachment-full size-full wp-image-1629\" alt=\"accommodation vilamoura\" srcset=\"https:\/\/www.myportugalexperience.com\/blog\/wp-content\/uploads\/2025\/11\/accommodation-vilamoura.webp 800w, https:\/\/www.myportugalexperience.com\/blog\/wp-content\/uploads\/2025\/11\/accommodation-vilamoura-300x300.webp 300w, https:\/\/www.myportugalexperience.com\/blog\/wp-content\/uploads\/2025\/11\/accommodation-vilamoura-150x150.webp 150w, https:\/\/www.myportugalexperience.com\/blog\/wp-content\/uploads\/2025\/11\/accommodation-vilamoura-768x768.webp 768w\" sizes=\"(max-width: 800px) 100vw, 800px\" \/>\t\t\t\t\t\t\t\t<\/a>\n\t\t\t\t\t\t\t\t\t\t\t\t\t\t\t<\/div>\n\t\t\t\t<\/div>\n\t\t\t\t<\/div>\n\t\t\t\t<\/div>\n\t\t\t\t<\/div>\n\t\t\t\t\t<\/div>\n\t\t\t\t<\/div>\n\t\t<div class=\"elementor-element elementor-element-3cf84279 e-flex e-con-boxed e-con e-parent\" data-id=\"3cf84279\" data-element_type=\"container\">\n\t\t\t\t\t<div class=\"e-con-inner\">\n\t\t<div class=\"elementor-element elementor-element-3cadbcfa e-con-full e-flex e-con e-child\" data-id=\"3cadbcfa\" data-element_type=\"container\">\n\t\t\t\t<div class=\"elementor-element elementor-element-1b2f2ac3 elementor-widget elementor-widget-grid\" data-id=\"1b2f2ac3\" data-element_type=\"widget\" data-widget_type=\"grid.default\">\n\t\t\t\t<div class=\"elementor-widget-container\">\n\t\t\t\t\t\t\t<div class=\"its--row alojamientos-recomendados\">\n\n\t\t\t<div class=\"alojamientos-recomendados-container\">\n\n\t\t\t\t\t\n\t\t\t\t\t<a href=\"https:\/\/www.myportugalexperience.com\/aluguer\/apartamento-vilamoura-tenis-golf-mar-321264.html\" rel=\"nofollow\" style=\"width: 49%;\">\n\t\t\t\t\t\t<div class=\"apartamento-box\">\n\t\t\t\t\t\t\t<div class=\"imagen_recomendados\">\n\t\t\t\t\t\t\t\t<img decoding=\"async\" src=\"https:\/\/crs.avantio.com\/fotos\/2\/15924153680d08ecefe9ffe1e4f2b9a571b9e6447d\/big1592415378f784bd0e703a61f010ae6e6ee92a7a72.jpg\" alt=\"Apt. Tenis Golf Mar - Vilamoura Centro\">\n\t\t\t\t\t\t\t<\/div>\n\t\t\t\t\t\t\t<div class=\"info\">\n\t\t\t\t\t\t\t\t<div class=\"ubicacion\">\n\t\t\t\t\t\t\t\t\t<i class=\"fa-solid fa-location-dot icono-mapa\"><\/i><span class=\"ubicacion-texto\">Vilamoura - Algarve<\/span>\n\t\t\t\t\t\t\t\t<\/div>\n\t\t\t\t\t\t\t\t<H4 class=\"titulo-alojamiento\">\n\t\t\t\t\t\t\t\t\tApt. Tenis Golf Mar - Vilamoura Centro\t\t\t\t\t\t\t\t<\/H4>\n\t\t\t\t\t\t\t\t<p class=\"precio-alojamiento\">De <span class=\"precio\">55.00\u20ac<\/span> por noite<\/p>\n\t\t\t\t\t\t\t<\/div>\n\t\t\t\t\t\t<\/div>\n\t\t\t\t\t<\/a> \n\t\t\t\t\t\t\t\t<\/div>\n\t\t\t<\/div>\n\t\t\t\t\t\t<\/div>\n\t\t\t\t<\/div>\n\t\t\t\t<\/div>\n\t\t\t\t\t<\/div>\n\t\t\t\t<\/div>\n\t\t<div class=\"elementor-element elementor-element-3091f265 e-flex e-con-boxed e-con e-parent\" data-id=\"3091f265\" data-element_type=\"container\">\n\t\t\t\t\t<div class=\"e-con-inner\">\n\t\t<div class=\"elementor-element elementor-element-72275669 e-con-full e-flex e-con e-child\" data-id=\"72275669\" data-element_type=\"container\">\n\t\t\t\t<div class=\"elementor-element elementor-element-5a6b70b7 elementor-align-center elementor-mobile-align-center elementor-widget elementor-widget-button\" data-id=\"5a6b70b7\" data-element_type=\"widget\" data-widget_type=\"button.default\">\n\t\t\t\t<div class=\"elementor-widget-container\">\n\t\t\t\t\t\t\t\t\t<div class=\"elementor-button-wrapper\">\n\t\t\t\t\t<a class=\"elementor-button elementor-button-link elementor-size-sm\" href=\"https:\/\/www.myportugalexperience.com\/aluguer\/alugueres-vilamoura-d661\/\">\n\t\t\t\t\t\t<span class=\"elementor-button-content-wrapper\">\n\t\t\t\t\t\t\t\t\t<span class=\"elementor-button-text\">Alojamento em Vilamoura<\/span>\n\t\t\t\t\t<\/span>\n\t\t\t\t\t<\/a>\n\t\t\t\t<\/div>\n\t\t\t\t\t\t\t\t<\/div>\n\t\t\t\t<\/div>\n\t\t\t\t<\/div>\n\t\t\t\t\t<\/div>\n\t\t\t\t<\/div>\n\t\t<div class=\"elementor-element elementor-element-58b1579b e-flex e-con-boxed e-con e-parent\" data-id=\"58b1579b\" data-element_type=\"container\">\n\t\t\t\t\t<div class=\"e-con-inner\">\n\t\t<div class=\"elementor-element elementor-element-64669b15 e-con-full e-flex e-con e-child\" data-id=\"64669b15\" data-element_type=\"container\">\n\t\t\t\t<div class=\"elementor-element elementor-element-6c76cb5 elementor-widget elementor-widget-text-editor\" data-id=\"6c76cb5\" data-element_type=\"widget\" data-widget_type=\"text-editor.default\">\n\t\t\t\t<div class=\"elementor-widget-container\">\n\t\t\t\t\t\t\t\t\t<p class=\"pf0\">Vilamoura \u00e9 o destino ideal para luxo e lazer na costa algarvia. Conhecida pela sua marina de classe mundial, campos de golfe de campeonato e resorts de luxo, \u00e9 perfeita para viajantes que procuram conforto, atividade e estilo. Ficar em Vilamoura significa f\u00e1cil acesso a praias imaculadas, vida noturna, gastronomia requintada e desportos aqu\u00e1ticos, tudo isto enquanto desfruta de uma atmosfera costeira relaxada. \u00c9 ideal para fam\u00edlias, casais e entusiastas do golfe que procuram uma experi\u00eancia algarvia sofisticada.   <\/p>\t\t\t\t\t\t\t\t<\/div>\n\t\t\t\t<\/div>\n\t\t\t\t<div class=\"elementor-element elementor-element-0ba1985 elementor-widget__width-initial elementor-widget elementor-widget-text-editor\" data-id=\"0ba1985\" data-element_type=\"widget\" data-widget_type=\"text-editor.default\">\n\t\t\t\t<div class=\"elementor-widget-container\">\n\t\t\t\t\t\t\t\t\t<p>SAIBA MAIS<\/p>\t\t\t\t\t\t\t\t<\/div>\n\t\t\t\t<\/div>\n\t\t\t\t<div class=\"elementor-element elementor-element-ded4633 elementor-widget elementor-widget-heading\" data-id=\"ded4633\" data-element_type=\"widget\" data-widget_type=\"heading.default\">\n\t\t\t\t<div class=\"elementor-widget-container\">\n\t\t\t\t\t<h2 class=\"elementor-heading-title elementor-size-default\">Porqu\u00ea ficar em Vilamoura?\n<\/h2>\t\t\t\t<\/div>\n\t\t\t\t<\/div>\n\t\t\t\t<\/div>\n\t\t\t\t\t<\/div>\n\t\t\t\t<\/div>\n\t\t<div class=\"elementor-element elementor-element-61265f30 e-flex e-con-boxed e-con e-parent\" data-id=\"61265f30\" data-element_type=\"container\">\n\t\t\t\t\t<div class=\"e-con-inner\">\n\t\t\t\t<div class=\"elementor-element elementor-element-37d6b6a elementor-widget-tablet__width-initial elementor-invisible elementor-widget elementor-widget-image\" data-id=\"37d6b6a\" data-element_type=\"widget\" data-settings=\"{&quot;_animation_mobile&quot;:&quot;fadeIn&quot;,&quot;_animation_delay&quot;:200,&quot;_animation&quot;:&quot;fadeInUp&quot;}\" data-widget_type=\"image.default\">\n\t\t\t\t<div class=\"elementor-widget-container\">\n\t\t\t\t\t\t\t\t\t\t\t\t\t\t\t\t<a href=\"https:\/\/www.myportugalexperience.com\/blog\/wp-content\/uploads\/2025\/10\/off-season-albufeira-31.webp\" data-elementor-open-lightbox=\"no\">\n\t\t\t\t\t\t\t<img decoding=\"async\" width=\"1920\" height=\"400\" src=\"https:\/\/www.myportugalexperience.com\/blog\/wp-content\/uploads\/2025\/10\/off-season-albufeira-31.webp\" class=\"attachment-full size-full wp-image-1498\" alt=\"Albufeira em Novembro\" srcset=\"https:\/\/www.myportugalexperience.com\/blog\/wp-content\/uploads\/2025\/10\/off-season-albufeira-31.webp 1920w, https:\/\/www.myportugalexperience.com\/blog\/wp-content\/uploads\/2025\/10\/off-season-albufeira-31-300x63.webp 300w, https:\/\/www.myportugalexperience.com\/blog\/wp-content\/uploads\/2025\/10\/off-season-albufeira-31-1024x213.webp 1024w, https:\/\/www.myportugalexperience.com\/blog\/wp-content\/uploads\/2025\/10\/off-season-albufeira-31-768x160.webp 768w, https:\/\/www.myportugalexperience.com\/blog\/wp-content\/uploads\/2025\/10\/off-season-albufeira-31-1536x320.webp 1536w\" sizes=\"(max-width: 1920px) 100vw, 1920px\" \/>\t\t\t\t\t\t\t\t<\/a>\n\t\t\t\t\t\t\t\t\t\t\t\t\t\t\t<\/div>\n\t\t\t\t<\/div>\n\t\t\t\t<div class=\"elementor-element elementor-element-eb2c080 elementor-widget-tablet__width-initial elementor-invisible elementor-widget elementor-widget-image\" data-id=\"eb2c080\" data-element_type=\"widget\" data-settings=\"{&quot;_animation&quot;:&quot;fadeInUp&quot;,&quot;_animation_mobile&quot;:&quot;fadeIn&quot;,&quot;_animation_delay&quot;:200}\" data-widget_type=\"image.default\">\n\t\t\t\t<div class=\"elementor-widget-container\">\n\t\t\t\t\t\t\t\t\t\t\t\t\t\t\t\t<a href=\"https:\/\/www.myportugalexperience.com\/blog\/wp-content\/uploads\/2025\/10\/off-season-albufeira-30.webp\" data-elementor-open-lightbox=\"no\">\n\t\t\t\t\t\t\t<img decoding=\"async\" width=\"1920\" height=\"400\" src=\"https:\/\/www.myportugalexperience.com\/blog\/wp-content\/uploads\/2025\/10\/off-season-albufeira-30.webp\" class=\"attachment-full size-full wp-image-1508\" alt=\"Albufeira em Novembro\" srcset=\"https:\/\/www.myportugalexperience.com\/blog\/wp-content\/uploads\/2025\/10\/off-season-albufeira-30.webp 1920w, https:\/\/www.myportugalexperience.com\/blog\/wp-content\/uploads\/2025\/10\/off-season-albufeira-30-300x63.webp 300w, https:\/\/www.myportugalexperience.com\/blog\/wp-content\/uploads\/2025\/10\/off-season-albufeira-30-1024x213.webp 1024w, https:\/\/www.myportugalexperience.com\/blog\/wp-content\/uploads\/2025\/10\/off-season-albufeira-30-768x160.webp 768w, https:\/\/www.myportugalexperience.com\/blog\/wp-content\/uploads\/2025\/10\/off-season-albufeira-30-1536x320.webp 1536w\" sizes=\"(max-width: 1920px) 100vw, 1920px\" \/>\t\t\t\t\t\t\t\t<\/a>\n\t\t\t\t\t\t\t\t\t\t\t\t\t\t\t<\/div>\n\t\t\t\t<\/div>\n\t\t\t\t\t<\/div>\n\t\t\t\t<\/div>\n\t\t<div class=\"elementor-element elementor-element-62bf760 e-flex e-con-boxed e-con e-parent\" data-id=\"62bf760\" data-element_type=\"container\">\n\t\t\t\t\t<div class=\"e-con-inner\">\n\t\t<div class=\"elementor-element elementor-element-0e74ad1 e-con-full e-flex e-con e-child\" data-id=\"0e74ad1\" data-element_type=\"container\">\n\t\t\t\t<div class=\"elementor-element elementor-element-f58aeb3 elementor-widget elementor-widget-text-editor\" data-id=\"f58aeb3\" data-element_type=\"widget\" data-widget_type=\"text-editor.default\">\n\t\t\t\t<div class=\"elementor-widget-container\">\n\t\t\t\t\t\t\t\t\t<p>Vilamoura oferece mais do que luxo e golfe \u2013 explore os pontos tur\u00edsticos circundantes, desde praias imaculadas a locais hist\u00f3ricos e maravilhas naturais.<\/p>\t\t\t\t\t\t\t\t<\/div>\n\t\t\t\t<\/div>\n\t\t\t\t<div class=\"elementor-element elementor-element-ea2e3ad elementor-widget elementor-widget-text-editor\" data-id=\"ea2e3ad\" data-element_type=\"widget\" data-widget_type=\"text-editor.default\">\n\t\t\t\t<div class=\"elementor-widget-container\">\n\t\t\t\t\t\t\t\t\t<ul>\n<li><strong>Marina de Vilamoura<\/strong> \u2013 Iates de luxo, restaurantes e vida noturna animada.<\/li>\n<li><strong>Praia da Fal\u00e9sia<\/strong> \u2013 Uma praia longa e dourada emoldurada por fal\u00e9sias dram\u00e1ticas.<\/li>\n<li><strong>Campos de Golfe de Vilamoura<\/strong> \u2013 Alguns dos campos mais bem classificados do Algarve.<\/li>\n<li><strong>Centro Hist\u00f3rico de Vilamoura<\/strong> \u2013 Lojas, caf\u00e9s e um charmoso centro pedonal.<\/li>\n<li><strong>Ru\u00ednas Romanas do Cerro da Vila<\/strong> \u2013 Antigo s\u00edtio arqueol\u00f3gico com mosaicos e hist\u00f3ria.<\/li>\n<li><strong>Parque Natural da Ria Formosa<\/strong> \u2013 Ideal para observa\u00e7\u00e3o de aves, caiaque e passeios na natureza.<\/li>\n<\/ul>\t\t\t\t\t\t\t\t<\/div>\n\t\t\t\t<\/div>\n\t\t\t\t<div class=\"elementor-element elementor-element-dd3e4c4 elementor-widget__width-initial elementor-widget elementor-widget-text-editor\" data-id=\"dd3e4c4\" data-element_type=\"widget\" data-widget_type=\"text-editor.default\">\n\t\t\t\t<div class=\"elementor-widget-container\">\n\t\t\t\t\t\t\t\t\t<p>DESCUBRA MAIS<\/p>\t\t\t\t\t\t\t\t<\/div>\n\t\t\t\t<\/div>\n\t\t\t\t<div class=\"elementor-element elementor-element-d76c4ff elementor-widget elementor-widget-heading\" data-id=\"d76c4ff\" data-element_type=\"widget\" data-widget_type=\"heading.default\">\n\t\t\t\t<div class=\"elementor-widget-container\">\n\t\t\t\t\t<h2 class=\"elementor-heading-title elementor-size-default\">O que ver perto de Vilamoura\n<\/h2>\t\t\t\t<\/div>\n\t\t\t\t<\/div>\n\t\t<div class=\"elementor-element elementor-element-a547c0b e-con-full e-flex e-con e-child\" data-id=\"a547c0b\" data-element_type=\"container\">\n\t\t\t\t<div class=\"elementor-element elementor-element-9029d25 elementor-widget__width-initial elementor-widget elementor-widget-heading\" data-id=\"9029d25\" data-element_type=\"widget\" data-widget_type=\"heading.default\">\n\t\t\t\t<div class=\"elementor-widget-container\">\n\t\t\t\t\t<h2 class=\"elementor-heading-title elementor-size-default\">Planeia as suas f\u00e9rias de golfe no Algarve com anteced\u00eancia?<\/h2>\t\t\t\t<\/div>\n\t\t\t\t<\/div>\n\t\t\t\t<div class=\"elementor-element elementor-element-6deafcb elementor-align-center elementor-mobile-align-center elementor-widget elementor-widget-button\" data-id=\"6deafcb\" data-element_type=\"widget\" data-widget_type=\"button.default\">\n\t\t\t\t<div class=\"elementor-widget-container\">\n\t\t\t\t\t\t\t\t\t<div class=\"elementor-button-wrapper\">\n\t\t\t\t\t<a class=\"elementor-button elementor-button-link elementor-size-sm\" href=\"https:\/\/www.myportugalexperience.com\/experiencias-atividades-em-albufeira\/\">\n\t\t\t\t\t\t<span class=\"elementor-button-content-wrapper\">\n\t\t\t\t\t\t\t\t\t<span class=\"elementor-button-text\">Reserve experi\u00eancias e; atividades<\/span>\n\t\t\t\t\t<\/span>\n\t\t\t\t\t<\/a>\n\t\t\t\t<\/div>\n\t\t\t\t\t\t\t\t<\/div>\n\t\t\t\t<\/div>\n\t\t\t\t<div class=\"elementor-element elementor-element-ccc6b26 elementor-align-center elementor-mobile-align-center elementor-widget elementor-widget-button\" data-id=\"ccc6b26\" data-element_type=\"widget\" data-widget_type=\"button.default\">\n\t\t\t\t<div class=\"elementor-widget-container\">\n\t\t\t\t\t\t\t\t\t<div class=\"elementor-button-wrapper\">\n\t\t\t\t\t<a class=\"elementor-button elementor-button-link elementor-size-sm\" href=\"https:\/\/www.myportugalexperience.com\/servicos-para-hospedes-albufeira\/\">\n\t\t\t\t\t\t<span class=\"elementor-button-content-wrapper\">\n\t\t\t\t\t\t\t\t\t<span class=\"elementor-button-text\">Descubra os nossos servi\u00e7os aos h\u00f3spedes<\/span>\n\t\t\t\t\t<\/span>\n\t\t\t\t\t<\/a>\n\t\t\t\t<\/div>\n\t\t\t\t\t\t\t\t<\/div>\n\t\t\t\t<\/div>\n\t\t\t\t<\/div>\n\t\t\t\t<\/div>\n\t\t\t\t\t<\/div>\n\t\t\t\t<\/div>\n\t\t\t\t<\/div>\n\t\t","protected":false},"excerpt":{"rendered":"<p>EXPLORE PORTUGAL Alojamento em VILAMOURA Vilamoura &#8211; Algarve Apt. Tenis Golf Mar &#8211; Vilamoura Center Desde 56.00\u20ac por noche Alojamento em Vilamoura Vilamoura \u00e9 o destino ideal para luxo e lazer na costa algarvia. Conhecida pela sua marina de classe mundial, campos de golfe de campeonato e resorts de luxo, \u00e9 perfeita para viajantes que [&hellip;]<\/p>\n","protected":false},"author":3,"featured_media":1629,"parent":0,"menu_order":0,"comment_status":"open","ping_status":"open","template":"","meta":{"footnotes":""},"class_list":["post-1656","page","type-page","status-publish","has-post-thumbnail","hentry"],"yoast_head":"<!-- This site is optimized with the Yoast SEO plugin v26.5 - https:\/\/yoast.com\/wordpress\/plugins\/seo\/ -->\n<title>Reserve um Alojamento em Vilamoura | My Portugal Experience<\/title>\n<meta name=\"description\" content=\"Descubra alojamentos em Vilamoura, que oferecem conforto, estilo e f\u00e1cil acesso a praias imaculadas e campos de golfe. Reserve j\u00e1!\" \/>\n<meta name=\"robots\" content=\"index, follow, max-snippet:-1, max-image-preview:large, max-video-preview:-1\" \/>\n<link rel=\"canonical\" href=\"https:\/\/www.myportugalexperience.com\/blog\/alojamento-em-vilamoura\/\" \/>\n<meta property=\"og:locale\" content=\"pt_PT\" \/>\n<meta property=\"og:type\" content=\"article\" \/>\n<meta property=\"og:title\" content=\"Reserve um Alojamento em Vilamoura | My Portugal Experience\" \/>\n<meta property=\"og:description\" content=\"Descubra alojamentos em Vilamoura, que oferecem conforto, estilo e f\u00e1cil acesso a praias imaculadas e campos de golfe. Reserve j\u00e1!\" \/>\n<meta property=\"og:url\" content=\"https:\/\/www.myportugalexperience.com\/blog\/alojamento-em-vilamoura\/\" \/>\n<meta property=\"og:site_name\" content=\"Blog\" \/>\n<meta property=\"article:modified_time\" content=\"2026-01-15T15:27:12+00:00\" \/>\n<meta property=\"og:image\" content=\"https:\/\/www.myportugalexperience.com\/blog\/wp-content\/uploads\/2025\/11\/accommodation-vilamoura.webp\" \/>\n\t<meta property=\"og:image:width\" content=\"800\" \/>\n\t<meta property=\"og:image:height\" content=\"800\" \/>\n\t<meta property=\"og:image:type\" content=\"image\/webp\" \/>\n<meta name=\"twitter:card\" content=\"summary_large_image\" \/>\n<meta name=\"twitter:label1\" content=\"Est. reading time\" \/>\n\t<meta name=\"twitter:data1\" content=\"2 minutes\" \/>\n<script type=\"application\/ld+json\" class=\"yoast-schema-graph\">{\"@context\":\"https:\/\/schema.org\",\"@graph\":[{\"@type\":\"WebPage\",\"@id\":\"https:\/\/www.myportugalexperience.com\/blog\/alojamento-em-vilamoura\/\",\"url\":\"https:\/\/www.myportugalexperience.com\/blog\/alojamento-em-vilamoura\/\",\"name\":\"Reserve um Alojamento em Vilamoura | My Portugal Experience\",\"isPartOf\":{\"@id\":\"https:\/\/www.myportugalexperience.com\/blog\/#website\"},\"primaryImageOfPage\":{\"@id\":\"https:\/\/www.myportugalexperience.com\/blog\/alojamento-em-vilamoura\/#primaryimage\"},\"image\":{\"@id\":\"https:\/\/www.myportugalexperience.com\/blog\/alojamento-em-vilamoura\/#primaryimage\"},\"thumbnailUrl\":\"https:\/\/www.myportugalexperience.com\/blog\/wp-content\/uploads\/2025\/11\/accommodation-vilamoura.webp\",\"datePublished\":\"2025-11-17T11:50:17+00:00\",\"dateModified\":\"2026-01-15T15:27:12+00:00\",\"description\":\"Descubra alojamentos em Vilamoura, que oferecem conforto, estilo e f\u00e1cil acesso a praias imaculadas e campos de golfe. Reserve j\u00e1!\",\"breadcrumb\":{\"@id\":\"https:\/\/www.myportugalexperience.com\/blog\/alojamento-em-vilamoura\/#breadcrumb\"},\"inLanguage\":\"pt\",\"potentialAction\":[{\"@type\":\"ReadAction\",\"target\":[\"https:\/\/www.myportugalexperience.com\/blog\/alojamento-em-vilamoura\/\"]}]},{\"@type\":\"ImageObject\",\"inLanguage\":\"pt\",\"@id\":\"https:\/\/www.myportugalexperience.com\/blog\/alojamento-em-vilamoura\/#primaryimage\",\"url\":\"https:\/\/www.myportugalexperience.com\/blog\/wp-content\/uploads\/2025\/11\/accommodation-vilamoura.webp\",\"contentUrl\":\"https:\/\/www.myportugalexperience.com\/blog\/wp-content\/uploads\/2025\/11\/accommodation-vilamoura.webp\",\"width\":800,\"height\":800,\"caption\":\"accommodation vilamoura\"},{\"@type\":\"BreadcrumbList\",\"@id\":\"https:\/\/www.myportugalexperience.com\/blog\/alojamento-em-vilamoura\/#breadcrumb\",\"itemListElement\":[{\"@type\":\"ListItem\",\"position\":1,\"name\":\"Home\",\"item\":\"https:\/\/www.myportugalexperience.com\/blog\/\"},{\"@type\":\"ListItem\",\"position\":2,\"name\":\"Alojamento em Vilamoura\"}]},{\"@type\":\"WebSite\",\"@id\":\"https:\/\/www.myportugalexperience.com\/blog\/#website\",\"url\":\"https:\/\/www.myportugalexperience.com\/blog\/\",\"name\":\"Blog\",\"description\":\"OC VILLAS\",\"potentialAction\":[{\"@type\":\"SearchAction\",\"target\":{\"@type\":\"EntryPoint\",\"urlTemplate\":\"https:\/\/www.myportugalexperience.com\/blog\/?s={search_term_string}\"},\"query-input\":{\"@type\":\"PropertyValueSpecification\",\"valueRequired\":true,\"valueName\":\"search_term_string\"}}],\"inLanguage\":\"pt\"}]}<\/script>\n<!-- \/ Yoast SEO plugin. -->","yoast_head_json":{"title":"Reserve um Alojamento em Vilamoura | My Portugal Experience","description":"Descubra alojamentos em Vilamoura, que oferecem conforto, estilo e f\u00e1cil acesso a praias imaculadas e campos de golfe. Reserve j\u00e1!","robots":{"index":"index","follow":"follow","max-snippet":"max-snippet:-1","max-image-preview":"max-image-preview:large","max-video-preview":"max-video-preview:-1"},"canonical":"https:\/\/www.myportugalexperience.com\/blog\/alojamento-em-vilamoura\/","og_locale":"pt_PT","og_type":"article","og_title":"Reserve um Alojamento em Vilamoura | My Portugal Experience","og_description":"Descubra alojamentos em Vilamoura, que oferecem conforto, estilo e f\u00e1cil acesso a praias imaculadas e campos de golfe. Reserve j\u00e1!","og_url":"https:\/\/www.myportugalexperience.com\/blog\/alojamento-em-vilamoura\/","og_site_name":"Blog","article_modified_time":"2026-01-15T15:27:12+00:00","og_image":[{"width":800,"height":800,"url":"https:\/\/www.myportugalexperience.com\/blog\/wp-content\/uploads\/2025\/11\/accommodation-vilamoura.webp","type":"image\/webp"}],"twitter_card":"summary_large_image","twitter_misc":{"Est. reading time":"2 minutes"},"schema":{"@context":"https:\/\/schema.org","@graph":[{"@type":"WebPage","@id":"https:\/\/www.myportugalexperience.com\/blog\/alojamento-em-vilamoura\/","url":"https:\/\/www.myportugalexperience.com\/blog\/alojamento-em-vilamoura\/","name":"Reserve um Alojamento em Vilamoura | My Portugal Experience","isPartOf":{"@id":"https:\/\/www.myportugalexperience.com\/blog\/#website"},"primaryImageOfPage":{"@id":"https:\/\/www.myportugalexperience.com\/blog\/alojamento-em-vilamoura\/#primaryimage"},"image":{"@id":"https:\/\/www.myportugalexperience.com\/blog\/alojamento-em-vilamoura\/#primaryimage"},"thumbnailUrl":"https:\/\/www.myportugalexperience.com\/blog\/wp-content\/uploads\/2025\/11\/accommodation-vilamoura.webp","datePublished":"2025-11-17T11:50:17+00:00","dateModified":"2026-01-15T15:27:12+00:00","description":"Descubra alojamentos em Vilamoura, que oferecem conforto, estilo e f\u00e1cil acesso a praias imaculadas e campos de golfe. Reserve j\u00e1!","breadcrumb":{"@id":"https:\/\/www.myportugalexperience.com\/blog\/alojamento-em-vilamoura\/#breadcrumb"},"inLanguage":"pt","potentialAction":[{"@type":"ReadAction","target":["https:\/\/www.myportugalexperience.com\/blog\/alojamento-em-vilamoura\/"]}]},{"@type":"ImageObject","inLanguage":"pt","@id":"https:\/\/www.myportugalexperience.com\/blog\/alojamento-em-vilamoura\/#primaryimage","url":"https:\/\/www.myportugalexperience.com\/blog\/wp-content\/uploads\/2025\/11\/accommodation-vilamoura.webp","contentUrl":"https:\/\/www.myportugalexperience.com\/blog\/wp-content\/uploads\/2025\/11\/accommodation-vilamoura.webp","width":800,"height":800,"caption":"accommodation vilamoura"},{"@type":"BreadcrumbList","@id":"https:\/\/www.myportugalexperience.com\/blog\/alojamento-em-vilamoura\/#breadcrumb","itemListElement":[{"@type":"ListItem","position":1,"name":"Home","item":"https:\/\/www.myportugalexperience.com\/blog\/"},{"@type":"ListItem","position":2,"name":"Alojamento em Vilamoura"}]},{"@type":"WebSite","@id":"https:\/\/www.myportugalexperience.com\/blog\/#website","url":"https:\/\/www.myportugalexperience.com\/blog\/","name":"Blog","description":"OC VILLAS","potentialAction":[{"@type":"SearchAction","target":{"@type":"EntryPoint","urlTemplate":"https:\/\/www.myportugalexperience.com\/blog\/?s={search_term_string}"},"query-input":{"@type":"PropertyValueSpecification","valueRequired":true,"valueName":"search_term_string"}}],"inLanguage":"pt"}]}},"_links":{"self":[{"href":"https:\/\/www.myportugalexperience.com\/blog\/wp-json\/wp\/v2\/pages\/1656","targetHints":{"allow":["GET"]}}],"collection":[{"href":"https:\/\/www.myportugalexperience.com\/blog\/wp-json\/wp\/v2\/pages"}],"about":[{"href":"https:\/\/www.myportugalexperience.com\/blog\/wp-json\/wp\/v2\/types\/page"}],"author":[{"embeddable":true,"href":"https:\/\/www.myportugalexperience.com\/blog\/wp-json\/wp\/v2\/users\/3"}],"replies":[{"embeddable":true,"href":"https:\/\/www.myportugalexperience.com\/blog\/wp-json\/wp\/v2\/comments?post=1656"}],"version-history":[{"count":4,"href":"https:\/\/www.myportugalexperience.com\/blog\/wp-json\/wp\/v2\/pages\/1656\/revisions"}],"predecessor-version":[{"id":1754,"href":"https:\/\/www.myportugalexperience.com\/blog\/wp-json\/wp\/v2\/pages\/1656\/revisions\/1754"}],"wp:featuredmedia":[{"embeddable":true,"href":"https:\/\/www.myportugalexperience.com\/blog\/wp-json\/wp\/v2\/media\/1629"}],"wp:attachment":[{"href":"https:\/\/www.myportugalexperience.com\/blog\/wp-json\/wp\/v2\/media?parent=1656"}],"curies":[{"name":"wp","href":"https:\/\/api.w.org\/{rel}","templated":true}]}}