{"id":2433,"date":"2026-03-09T13:20:41","date_gmt":"2026-03-09T13:20:41","guid":{"rendered":"https:\/\/www.myportugalexperience.com\/blog\/?page_id=2433"},"modified":"2026-03-17T16:04:15","modified_gmt":"2026-03-17T16:04:15","slug":"aluguel-de-carro-em-albufeira","status":"publish","type":"page","link":"https:\/\/www.myportugalexperience.com\/blog\/servicos-para-hospedes\/aluguel-de-carro-em-albufeira\/","title":{"rendered":"Aluguel de carro em Albufeira"},"content":{"rendered":"\t\t<div data-elementor-type=\"wp-page\" data-elementor-id=\"2433\" class=\"elementor elementor-2433\" data-elementor-post-type=\"page\">\n\t\t\t\t<div class=\"elementor-element elementor-element-342ce683 e-flex e-con-boxed e-con e-parent\" data-id=\"342ce683\" data-element_type=\"container\">\n\t\t\t\t\t<div class=\"e-con-inner\">\n\t\t<div class=\"elementor-element elementor-element-5196ad38 e-flex e-con-boxed e-con e-child\" data-id=\"5196ad38\" data-element_type=\"container\">\n\t\t\t\t\t<div class=\"e-con-inner\">\n\t\t\t\t<div class=\"elementor-element elementor-element-7f9cade8 elementor-widget elementor-widget-heading\" data-id=\"7f9cade8\" data-element_type=\"widget\" data-widget_type=\"heading.default\">\n\t\t\t\t<div class=\"elementor-widget-container\">\n\t\t\t\t\t<p class=\"elementor-heading-title elementor-size-default\">Servi\u00e7os para h\u00f3spedes\n<\/p>\t\t\t\t<\/div>\n\t\t\t\t<\/div>\n\t\t\t\t<div class=\"elementor-element elementor-element-51cd17eb elementor-widget elementor-widget-heading\" data-id=\"51cd17eb\" data-element_type=\"widget\" data-widget_type=\"heading.default\">\n\t\t\t\t<div class=\"elementor-widget-container\">\n\t\t\t\t\t<h1 class=\"elementor-heading-title elementor-size-default\">Aluguel de carro em Albufeira<\/h1>\t\t\t\t<\/div>\n\t\t\t\t<\/div>\n\t\t\t\t<div class=\"elementor-element elementor-element-755ee67 elementor-widget elementor-widget-text-editor\" data-id=\"755ee67\" data-element_type=\"widget\" data-widget_type=\"text-editor.default\">\n\t\t\t\t<div class=\"elementor-widget-container\">\n\t\t\t\t\t\t\t\t\t<div class=\"header_description animation-on-scroll fadeInUp animate__fadeInUp\"><p>Trabalhamos com uma empresa local de aluguer de autom\u00f3veis sediada em Albufeira, especializada no aluguer de autom\u00f3veis e carrinhas particulares e comerciais para fam\u00edlias, amigos e casais que passam f\u00e9rias no Algarve. Temos uma grande variedade de carros para alugar no Aeroporto de Faro ou em qualquer ponto do Algarve e de Portugal, aos melhores pre\u00e7os.<\/p><p><strong>Por favor, solicite pre\u00e7os.<\/strong><\/p><\/div><figure class=\"cover-image animation-on-scroll fadeInRight animate__fadeInRight\"><\/figure>\t\t\t\t\t\t\t\t<\/div>\n\t\t\t\t<\/div>\n\t\t<div class=\"elementor-element elementor-element-4a62c77 e-con-full e-flex e-con e-child\" data-id=\"4a62c77\" data-element_type=\"container\">\n\t\t\t\t<div class=\"elementor-element elementor-element-1537b70 elementor-widget elementor-widget-button\" data-id=\"1537b70\" data-element_type=\"widget\" data-widget_type=\"button.default\">\n\t\t\t\t<div class=\"elementor-widget-container\">\n\t\t\t\t\t\t\t\t\t<div class=\"elementor-button-wrapper\">\n\t\t\t\t\t<a class=\"elementor-button elementor-button-link elementor-size-sm\" href=\"tel:00351%20967%20454%20911\">\n\t\t\t\t\t\t<span class=\"elementor-button-content-wrapper\">\n\t\t\t\t\t\t\t\t\t<span class=\"elementor-button-text\">Contactar-nos<\/span>\n\t\t\t\t\t<\/span>\n\t\t\t\t\t<\/a>\n\t\t\t\t<\/div>\n\t\t\t\t\t\t\t\t<\/div>\n\t\t\t\t<\/div>\n\t\t\t\t<div class=\"elementor-element elementor-element-bd29901 elementor-widget elementor-widget-button\" data-id=\"bd29901\" data-element_type=\"widget\" data-widget_type=\"button.default\">\n\t\t\t\t<div class=\"elementor-widget-container\">\n\t\t\t\t\t\t\t\t\t<div class=\"elementor-button-wrapper\">\n\t\t\t\t\t<a class=\"elementor-button elementor-button-link elementor-size-sm\" href=\"#form\">\n\t\t\t\t\t\t<span class=\"elementor-button-content-wrapper\">\n\t\t\t\t\t\t\t\t\t<span class=\"elementor-button-text\">Escreva-nos<\/span>\n\t\t\t\t\t<\/span>\n\t\t\t\t\t<\/a>\n\t\t\t\t<\/div>\n\t\t\t\t\t\t\t\t<\/div>\n\t\t\t\t<\/div>\n\t\t\t\t<\/div>\n\t\t\t\t<div class=\"elementor-element elementor-element-99750de elementor-widget elementor-widget-image\" data-id=\"99750de\" data-element_type=\"widget\" data-widget_type=\"image.default\">\n\t\t\t\t<div class=\"elementor-widget-container\">\n\t\t\t\t\t\t\t\t\t\t\t\t\t\t\t<img fetchpriority=\"high\" decoding=\"async\" width=\"1300\" height=\"900\" src=\"https:\/\/www.myportugalexperience.com\/blog\/wp-content\/uploads\/2026\/03\/guest-service-7.webp\" class=\"attachment-full size-full wp-image-2334\" alt=\"\" srcset=\"https:\/\/www.myportugalexperience.com\/blog\/wp-content\/uploads\/2026\/03\/guest-service-7.webp 1300w, https:\/\/www.myportugalexperience.com\/blog\/wp-content\/uploads\/2026\/03\/guest-service-7-300x208.webp 300w, https:\/\/www.myportugalexperience.com\/blog\/wp-content\/uploads\/2026\/03\/guest-service-7-1024x709.webp 1024w, https:\/\/www.myportugalexperience.com\/blog\/wp-content\/uploads\/2026\/03\/guest-service-7-768x532.webp 768w\" sizes=\"(max-width: 1300px) 100vw, 1300px\" \/>\t\t\t\t\t\t\t\t\t\t\t\t\t\t\t<\/div>\n\t\t\t\t<\/div>\n\t\t\t\t\t<\/div>\n\t\t\t\t<\/div>\n\t\t\t\t\t<\/div>\n\t\t\t\t<\/div>\n\t\t<div class=\"elementor-element elementor-element-f479bb4 e-flex e-con-boxed e-con e-parent\" data-id=\"f479bb4\" data-element_type=\"container\" id=\"form\">\n\t\t\t\t\t<div class=\"e-con-inner\">\n\t\t<div class=\"elementor-element elementor-element-103c70e e-flex e-con-boxed e-con e-child\" data-id=\"103c70e\" data-element_type=\"container\">\n\t\t\t\t\t<div class=\"e-con-inner\">\n\t\t\t\t<div class=\"elementor-element elementor-element-2a89bec9 elementor-widget elementor-widget-heading\" data-id=\"2a89bec9\" data-element_type=\"widget\" data-widget_type=\"heading.default\">\n\t\t\t\t<div class=\"elementor-widget-container\">\n\t\t\t\t\t<p class=\"elementor-heading-title elementor-size-default\">Pode enviar-nos um e-mail com o seu pedido de informa\u00e7\u00e3o<\/p>\t\t\t\t<\/div>\n\t\t\t\t<\/div>\n\t\t\t\t<div class=\"elementor-element elementor-element-3ac2ba4e elementor-widget elementor-widget-heading\" data-id=\"3ac2ba4e\" data-element_type=\"widget\" data-widget_type=\"heading.default\">\n\t\t\t\t<div class=\"elementor-widget-container\">\n\t\t\t\t\t<p class=\"elementor-heading-title elementor-size-default\">Escreva a sua consulta\n<\/p>\t\t\t\t<\/div>\n\t\t\t\t<\/div>\n\t\t\t\t\t<\/div>\n\t\t\t\t<\/div>\n\t\t<div class=\"elementor-element elementor-element-733ca93f e-flex e-con-boxed e-con e-child\" data-id=\"733ca93f\" data-element_type=\"container\">\n\t\t\t\t\t<div class=\"e-con-inner\">\n\t\t<div class=\"elementor-element elementor-element-3cb761f3 e-con-full e-flex e-con e-child\" data-id=\"3cb761f3\" data-element_type=\"container\" data-settings=\"{&quot;background_background&quot;:&quot;classic&quot;}\">\n\t\t<div class=\"elementor-element elementor-element-2452c0d5 e-con-full e-flex e-con e-child\" data-id=\"2452c0d5\" data-element_type=\"container\">\n\t\t\t\t<div class=\"elementor-element elementor-element-48c3d92a elementor-button-align-start elementor-mobile-button-align-center elementor-widget elementor-widget-form\" data-id=\"48c3d92a\" data-element_type=\"widget\" data-settings=\"{&quot;step_next_label&quot;:&quot;Next&quot;,&quot;step_previous_label&quot;:&quot;Previous&quot;,&quot;button_width&quot;:&quot;100&quot;,&quot;step_type&quot;:&quot;number_text&quot;,&quot;step_icon_shape&quot;:&quot;circle&quot;}\" data-widget_type=\"form.default\">\n\t\t\t\t<div class=\"elementor-widget-container\">\n\t\t\t\t\t\t\t<form class=\"elementor-form\" method=\"post\" name=\"Form ALUGUER DE CARRO EN\" aria-label=\"Form ALUGUER DE CARRO EN\">\n\t\t\t<input type=\"hidden\" name=\"post_id\" value=\"2433\"\/>\n\t\t\t<input type=\"hidden\" name=\"form_id\" value=\"48c3d92a\"\/>\n\t\t\t<input type=\"hidden\" name=\"referer_title\" value=\"Aluguel de carro em Albufeira | My Portugal Experience\" \/>\n\n\t\t\t\t\t\t\t<input type=\"hidden\" name=\"queried_id\" value=\"2433\"\/>\n\t\t\t\n\t\t\t<div class=\"elementor-form-fields-wrapper elementor-labels-\">\n\t\t\t\t\t\t\t\t<div class=\"elementor-field-type-text elementor-field-group elementor-column elementor-field-group-name elementor-col-50 elementor-field-required\">\n\t\t\t\t\t\t\t\t\t\t\t\t<label for=\"form-field-name\" class=\"elementor-field-label elementor-screen-only\">\n\t\t\t\t\t\t\t\tName\t\t\t\t\t\t\t<\/label>\n\t\t\t\t\t\t\t\t\t\t\t\t\t\t<input size=\"1\" type=\"text\" name=\"form_fields[name]\" id=\"form-field-name\" class=\"elementor-field elementor-size-xs  elementor-field-textual\" placeholder=\"Nome*\" required=\"required\">\n\t\t\t\t\t\t\t\t\t\t\t<\/div>\n\t\t\t\t\t\t\t\t<div class=\"elementor-field-type-text elementor-field-group elementor-column elementor-field-group-field_0ee286e elementor-col-50 elementor-field-required\">\n\t\t\t\t\t\t\t\t\t\t\t\t<label for=\"form-field-field_0ee286e\" class=\"elementor-field-label elementor-screen-only\">\n\t\t\t\t\t\t\t\tLast Name\t\t\t\t\t\t\t<\/label>\n\t\t\t\t\t\t\t\t\t\t\t\t\t\t<input size=\"1\" type=\"text\" name=\"form_fields[field_0ee286e]\" id=\"form-field-field_0ee286e\" class=\"elementor-field elementor-size-xs  elementor-field-textual\" placeholder=\"Apelido*\" required=\"required\">\n\t\t\t\t\t\t\t\t\t\t\t<\/div>\n\t\t\t\t\t\t\t\t<div class=\"elementor-field-type-email elementor-field-group elementor-column elementor-field-group-field_3306c48 elementor-col-50 elementor-field-required\">\n\t\t\t\t\t\t\t\t\t\t\t\t<label for=\"form-field-field_3306c48\" class=\"elementor-field-label elementor-screen-only\">\n\t\t\t\t\t\t\t\tEmail\t\t\t\t\t\t\t<\/label>\n\t\t\t\t\t\t\t\t\t\t\t\t\t\t<input size=\"1\" type=\"email\" name=\"form_fields[field_3306c48]\" id=\"form-field-field_3306c48\" class=\"elementor-field elementor-size-xs  elementor-field-textual\" placeholder=\"E-mail*\" required=\"required\">\n\t\t\t\t\t\t\t\t\t\t\t<\/div>\n\t\t\t\t\t\t\t\t<div class=\"elementor-field-type-text elementor-field-group elementor-column elementor-field-group-field_5e63ec7 elementor-col-50\">\n\t\t\t\t\t\t\t\t\t\t\t\t<label for=\"form-field-field_5e63ec7\" class=\"elementor-field-label elementor-screen-only\">\n\t\t\t\t\t\t\t\tBooking\t\t\t\t\t\t\t<\/label>\n\t\t\t\t\t\t\t\t\t\t\t\t\t\t<input size=\"1\" type=\"text\" name=\"form_fields[field_5e63ec7]\" id=\"form-field-field_5e63ec7\" class=\"elementor-field elementor-size-xs  elementor-field-textual\" placeholder=\"N\u00famero da reserva\">\n\t\t\t\t\t\t\t\t\t\t\t<\/div>\n\t\t\t\t\t\t\t\t<div class=\"elementor-field-type-textarea elementor-field-group elementor-column elementor-field-group-message elementor-col-100\">\n\t\t\t\t\t\t\t\t\t\t\t\t<label for=\"form-field-message\" class=\"elementor-field-label elementor-screen-only\">\n\t\t\t\t\t\t\t\tComents\t\t\t\t\t\t\t<\/label>\n\t\t\t\t\t\t<textarea class=\"elementor-field-textual elementor-field  elementor-size-xs\" name=\"form_fields[message]\" id=\"form-field-message\" rows=\"4\" placeholder=\"Observa\u00e7\u00f5es\"><\/textarea>\t\t\t\t<\/div>\n\t\t\t\t\t\t\t\t<div class=\"elementor-field-type-acceptance elementor-field-group elementor-column elementor-field-group-field_9b730f8 elementor-col-100 elementor-field-required\">\n\t\t\t\t\t\t\t<div class=\"elementor-field-subgroup\">\n\t\t\t<span class=\"elementor-field-option\">\n\t\t\t\t<input type=\"checkbox\" name=\"form_fields[field_9b730f8]\" id=\"form-field-field_9b730f8\" class=\"elementor-field elementor-size-xs  elementor-acceptance-field\" required=\"required\">\n\t\t\t\t<label for=\"form-field-field_9b730f8\">Li e aceito a <a href=\"https:\/\/www.myportugalexperience.com\/politica-de-privacidade\/\" style=\"\">politica de privacidade<\/a> e as <a href=\"https:\/\/www.myportugalexperience.com\/conditions-generales\/\" style=\"\"> condi\u00e7\u00f5es gerais<\/a>.<\/label>\t\t\t<\/span>\n\t\t<\/div>\n\t\t\t\t\t\t<\/div>\n\t\t\t\t\t\t\t\t<div class=\"elementor-field-type-acceptance elementor-field-group elementor-column elementor-field-group-field_049aa80 elementor-col-100\">\n\t\t\t\t\t\t\t<div class=\"elementor-field-subgroup\">\n\t\t\t<span class=\"elementor-field-option\">\n\t\t\t\t<input type=\"checkbox\" name=\"form_fields[field_049aa80]\" id=\"form-field-field_049aa80\" class=\"elementor-field elementor-size-xs  elementor-acceptance-field\">\n\t\t\t\t<label for=\"form-field-field_049aa80\">Eu concordo em receber informa\u00e7\u00e3o comercial.<\/label>\t\t\t<\/span>\n\t\t<\/div>\n\t\t\t\t\t\t<\/div>\n\t\t\t\t\t\t\t\t<div class=\"elementor-field-group elementor-column elementor-field-type-submit elementor-col-100 e-form__buttons\">\n\t\t\t\t\t<button class=\"elementor-button elementor-size-md\" type=\"submit\">\n\t\t\t\t\t\t<span class=\"elementor-button-content-wrapper\">\n\t\t\t\t\t\t\t\t\t\t\t\t\t\t\t\t\t\t\t\t\t\t<span class=\"elementor-button-text\">Enviar<\/span>\n\t\t\t\t\t\t\t\t\t\t\t\t\t<\/span>\n\t\t\t\t\t<\/button>\n\t\t\t\t<\/div>\n\t\t\t<\/div>\n\t\t<\/form>\n\t\t\t\t\t\t<\/div>\n\t\t\t\t<\/div>\n\t\t\t\t<\/div>\n\t\t\t\t<\/div>\n\t\t\t\t\t<\/div>\n\t\t\t\t<\/div>\n\t\t\t\t\t<\/div>\n\t\t\t\t<\/div>\n\t\t\t\t<\/div>\n\t\t","protected":false},"excerpt":{"rendered":"<p>Servi\u00e7os para h\u00f3spedes Aluguel de carro em Albufeira Trabalhamos com uma empresa local de aluguer de autom\u00f3veis sediada em Albufeira, especializada no aluguer de autom\u00f3veis e carrinhas particulares e comerciais para fam\u00edlias, amigos e casais que passam f\u00e9rias no Algarve. Temos uma grande variedade de carros para alugar no Aeroporto de Faro ou em qualquer [&hellip;]<\/p>\n","protected":false},"author":3,"featured_media":0,"parent":2414,"menu_order":0,"comment_status":"closed","ping_status":"closed","template":"","meta":{"footnotes":""},"class_list":["post-2433","page","type-page","status-publish","hentry"],"yoast_head":"<!-- This site is optimized with the Yoast SEO plugin v26.5 - https:\/\/yoast.com\/wordpress\/plugins\/seo\/ -->\n<title>Aluguel de carro em Albufeira | My Portugal Experience<\/title>\n<meta name=\"description\" content=\"Aluguel de carro em Albufeira com My Portugal Experience by OC Villas. Reserve online com facilidade e explore o Algarve com total liberdade.\" \/>\n<meta name=\"robots\" content=\"index, follow, max-snippet:-1, max-image-preview:large, max-video-preview:-1\" \/>\n<link rel=\"canonical\" href=\"https:\/\/www.myportugalexperience.com\/blog\/servicos-para-hospedes\/aluguel-de-carro-em-albufeira\/\" \/>\n<meta property=\"og:locale\" content=\"pt_PT\" \/>\n<meta property=\"og:type\" content=\"article\" \/>\n<meta property=\"og:title\" content=\"Aluguel de carro em Albufeira | My Portugal Experience\" \/>\n<meta property=\"og:description\" content=\"Aluguel de carro em Albufeira com My Portugal Experience by OC Villas. Reserve online com facilidade e explore o Algarve com total liberdade.\" \/>\n<meta property=\"og:url\" content=\"https:\/\/www.myportugalexperience.com\/blog\/servicos-para-hospedes\/aluguel-de-carro-em-albufeira\/\" \/>\n<meta property=\"og:site_name\" content=\"Blog\" \/>\n<meta property=\"article:modified_time\" content=\"2026-03-17T16:04:15+00:00\" \/>\n<meta property=\"og:image\" content=\"https:\/\/www.myportugalexperience.com\/blog\/wp-content\/uploads\/2026\/03\/guest-service-7.webp\" \/>\n\t<meta property=\"og:image:width\" content=\"1300\" \/>\n\t<meta property=\"og:image:height\" content=\"900\" \/>\n\t<meta property=\"og:image:type\" content=\"image\/webp\" \/>\n<meta name=\"twitter:card\" content=\"summary_large_image\" \/>\n<meta name=\"twitter:label1\" content=\"Est. reading time\" \/>\n\t<meta name=\"twitter:data1\" content=\"1 minute\" \/>\n<script type=\"application\/ld+json\" class=\"yoast-schema-graph\">{\"@context\":\"https:\/\/schema.org\",\"@graph\":[{\"@type\":\"WebPage\",\"@id\":\"https:\/\/www.myportugalexperience.com\/blog\/servicos-para-hospedes\/aluguel-de-carro-em-albufeira\/\",\"url\":\"https:\/\/www.myportugalexperience.com\/blog\/servicos-para-hospedes\/aluguel-de-carro-em-albufeira\/\",\"name\":\"Aluguel de carro em Albufeira | My Portugal Experience\",\"isPartOf\":{\"@id\":\"https:\/\/www.myportugalexperience.com\/blog\/#website\"},\"primaryImageOfPage\":{\"@id\":\"https:\/\/www.myportugalexperience.com\/blog\/servicos-para-hospedes\/aluguel-de-carro-em-albufeira\/#primaryimage\"},\"image\":{\"@id\":\"https:\/\/www.myportugalexperience.com\/blog\/servicos-para-hospedes\/aluguel-de-carro-em-albufeira\/#primaryimage\"},\"thumbnailUrl\":\"https:\/\/www.myportugalexperience.com\/blog\/wp-content\/uploads\/2026\/03\/guest-service-7.webp\",\"datePublished\":\"2026-03-09T13:20:41+00:00\",\"dateModified\":\"2026-03-17T16:04:15+00:00\",\"description\":\"Aluguel de carro em Albufeira com My Portugal Experience by OC Villas. Reserve online com facilidade e explore o Algarve com total liberdade.\",\"breadcrumb\":{\"@id\":\"https:\/\/www.myportugalexperience.com\/blog\/servicos-para-hospedes\/aluguel-de-carro-em-albufeira\/#breadcrumb\"},\"inLanguage\":\"pt\",\"potentialAction\":[{\"@type\":\"ReadAction\",\"target\":[\"https:\/\/www.myportugalexperience.com\/blog\/servicos-para-hospedes\/aluguel-de-carro-em-albufeira\/\"]}]},{\"@type\":\"ImageObject\",\"inLanguage\":\"pt\",\"@id\":\"https:\/\/www.myportugalexperience.com\/blog\/servicos-para-hospedes\/aluguel-de-carro-em-albufeira\/#primaryimage\",\"url\":\"https:\/\/www.myportugalexperience.com\/blog\/wp-content\/uploads\/2026\/03\/guest-service-7.webp\",\"contentUrl\":\"https:\/\/www.myportugalexperience.com\/blog\/wp-content\/uploads\/2026\/03\/guest-service-7.webp\",\"width\":1300,\"height\":900},{\"@type\":\"BreadcrumbList\",\"@id\":\"https:\/\/www.myportugalexperience.com\/blog\/servicos-para-hospedes\/aluguel-de-carro-em-albufeira\/#breadcrumb\",\"itemListElement\":[{\"@type\":\"ListItem\",\"position\":1,\"name\":\"Home\",\"item\":\"https:\/\/www.myportugalexperience.com\/blog\/\"},{\"@type\":\"ListItem\",\"position\":2,\"name\":\"Servi\u00e7os para h\u00f3spedes\",\"item\":\"https:\/\/www.myportugalexperience.com\/blog\/servicos-para-hospedes\/\"},{\"@type\":\"ListItem\",\"position\":3,\"name\":\"Aluguel de carro em Albufeira\"}]},{\"@type\":\"WebSite\",\"@id\":\"https:\/\/www.myportugalexperience.com\/blog\/#website\",\"url\":\"https:\/\/www.myportugalexperience.com\/blog\/\",\"name\":\"Blog\",\"description\":\"OC VILLAS\",\"potentialAction\":[{\"@type\":\"SearchAction\",\"target\":{\"@type\":\"EntryPoint\",\"urlTemplate\":\"https:\/\/www.myportugalexperience.com\/blog\/?s={search_term_string}\"},\"query-input\":{\"@type\":\"PropertyValueSpecification\",\"valueRequired\":true,\"valueName\":\"search_term_string\"}}],\"inLanguage\":\"pt\"}]}<\/script>\n<!-- \/ Yoast SEO plugin. -->","yoast_head_json":{"title":"Aluguel de carro em Albufeira | My Portugal Experience","description":"Aluguel de carro em Albufeira com My Portugal Experience by OC Villas. Reserve online com facilidade e explore o Algarve com total liberdade.","robots":{"index":"index","follow":"follow","max-snippet":"max-snippet:-1","max-image-preview":"max-image-preview:large","max-video-preview":"max-video-preview:-1"},"canonical":"https:\/\/www.myportugalexperience.com\/blog\/servicos-para-hospedes\/aluguel-de-carro-em-albufeira\/","og_locale":"pt_PT","og_type":"article","og_title":"Aluguel de carro em Albufeira | My Portugal Experience","og_description":"Aluguel de carro em Albufeira com My Portugal Experience by OC Villas. Reserve online com facilidade e explore o Algarve com total liberdade.","og_url":"https:\/\/www.myportugalexperience.com\/blog\/servicos-para-hospedes\/aluguel-de-carro-em-albufeira\/","og_site_name":"Blog","article_modified_time":"2026-03-17T16:04:15+00:00","og_image":[{"width":1300,"height":900,"url":"https:\/\/www.myportugalexperience.com\/blog\/wp-content\/uploads\/2026\/03\/guest-service-7.webp","type":"image\/webp"}],"twitter_card":"summary_large_image","twitter_misc":{"Est. reading time":"1 minute"},"schema":{"@context":"https:\/\/schema.org","@graph":[{"@type":"WebPage","@id":"https:\/\/www.myportugalexperience.com\/blog\/servicos-para-hospedes\/aluguel-de-carro-em-albufeira\/","url":"https:\/\/www.myportugalexperience.com\/blog\/servicos-para-hospedes\/aluguel-de-carro-em-albufeira\/","name":"Aluguel de carro em Albufeira | My Portugal Experience","isPartOf":{"@id":"https:\/\/www.myportugalexperience.com\/blog\/#website"},"primaryImageOfPage":{"@id":"https:\/\/www.myportugalexperience.com\/blog\/servicos-para-hospedes\/aluguel-de-carro-em-albufeira\/#primaryimage"},"image":{"@id":"https:\/\/www.myportugalexperience.com\/blog\/servicos-para-hospedes\/aluguel-de-carro-em-albufeira\/#primaryimage"},"thumbnailUrl":"https:\/\/www.myportugalexperience.com\/blog\/wp-content\/uploads\/2026\/03\/guest-service-7.webp","datePublished":"2026-03-09T13:20:41+00:00","dateModified":"2026-03-17T16:04:15+00:00","description":"Aluguel de carro em Albufeira com My Portugal Experience by OC Villas. Reserve online com facilidade e explore o Algarve com total liberdade.","breadcrumb":{"@id":"https:\/\/www.myportugalexperience.com\/blog\/servicos-para-hospedes\/aluguel-de-carro-em-albufeira\/#breadcrumb"},"inLanguage":"pt","potentialAction":[{"@type":"ReadAction","target":["https:\/\/www.myportugalexperience.com\/blog\/servicos-para-hospedes\/aluguel-de-carro-em-albufeira\/"]}]},{"@type":"ImageObject","inLanguage":"pt","@id":"https:\/\/www.myportugalexperience.com\/blog\/servicos-para-hospedes\/aluguel-de-carro-em-albufeira\/#primaryimage","url":"https:\/\/www.myportugalexperience.com\/blog\/wp-content\/uploads\/2026\/03\/guest-service-7.webp","contentUrl":"https:\/\/www.myportugalexperience.com\/blog\/wp-content\/uploads\/2026\/03\/guest-service-7.webp","width":1300,"height":900},{"@type":"BreadcrumbList","@id":"https:\/\/www.myportugalexperience.com\/blog\/servicos-para-hospedes\/aluguel-de-carro-em-albufeira\/#breadcrumb","itemListElement":[{"@type":"ListItem","position":1,"name":"Home","item":"https:\/\/www.myportugalexperience.com\/blog\/"},{"@type":"ListItem","position":2,"name":"Servi\u00e7os para h\u00f3spedes","item":"https:\/\/www.myportugalexperience.com\/blog\/servicos-para-hospedes\/"},{"@type":"ListItem","position":3,"name":"Aluguel de carro em Albufeira"}]},{"@type":"WebSite","@id":"https:\/\/www.myportugalexperience.com\/blog\/#website","url":"https:\/\/www.myportugalexperience.com\/blog\/","name":"Blog","description":"OC VILLAS","potentialAction":[{"@type":"SearchAction","target":{"@type":"EntryPoint","urlTemplate":"https:\/\/www.myportugalexperience.com\/blog\/?s={search_term_string}"},"query-input":{"@type":"PropertyValueSpecification","valueRequired":true,"valueName":"search_term_string"}}],"inLanguage":"pt"}]}},"_links":{"self":[{"href":"https:\/\/www.myportugalexperience.com\/blog\/wp-json\/wp\/v2\/pages\/2433","targetHints":{"allow":["GET"]}}],"collection":[{"href":"https:\/\/www.myportugalexperience.com\/blog\/wp-json\/wp\/v2\/pages"}],"about":[{"href":"https:\/\/www.myportugalexperience.com\/blog\/wp-json\/wp\/v2\/types\/page"}],"author":[{"embeddable":true,"href":"https:\/\/www.myportugalexperience.com\/blog\/wp-json\/wp\/v2\/users\/3"}],"replies":[{"embeddable":true,"href":"https:\/\/www.myportugalexperience.com\/blog\/wp-json\/wp\/v2\/comments?post=2433"}],"version-history":[{"count":17,"href":"https:\/\/www.myportugalexperience.com\/blog\/wp-json\/wp\/v2\/pages\/2433\/revisions"}],"predecessor-version":[{"id":2825,"href":"https:\/\/www.myportugalexperience.com\/blog\/wp-json\/wp\/v2\/pages\/2433\/revisions\/2825"}],"up":[{"embeddable":true,"href":"https:\/\/www.myportugalexperience.com\/blog\/wp-json\/wp\/v2\/pages\/2414"}],"wp:attachment":[{"href":"https:\/\/www.myportugalexperience.com\/blog\/wp-json\/wp\/v2\/media?parent=2433"}],"curies":[{"name":"wp","href":"https:\/\/api.w.org\/{rel}","templated":true}]}}