{"id":2604,"date":"2026-03-09T14:36:18","date_gmt":"2026-03-09T14:36:18","guid":{"rendered":"https:\/\/www.myportugalexperience.com\/blog\/?page_id=2604"},"modified":"2026-03-27T07:15:53","modified_gmt":"2026-03-27T07:15:53","slug":"experiencias-e-atividades-em-albufeira","status":"publish","type":"page","link":"https:\/\/www.myportugalexperience.com\/blog\/experiencias-e-atividades-em-albufeira\/","title":{"rendered":"Experi\u00eancias e atividades em Albufeira\u200b"},"content":{"rendered":"\t\t<div data-elementor-type=\"wp-page\" data-elementor-id=\"2604\" class=\"elementor elementor-2604\" data-elementor-post-type=\"page\">\n\t\t\t\t<div class=\"elementor-element elementor-element-306c1207 e-flex e-con-boxed e-con e-parent\" data-id=\"306c1207\" data-element_type=\"container\" data-e-type=\"container\" data-settings=\"{&quot;background_background&quot;:&quot;classic&quot;}\">\n\t\t\t\t\t<div class=\"e-con-inner\">\n\t\t<div class=\"elementor-element elementor-element-5dd30792 e-flex e-con-boxed e-con e-child\" data-id=\"5dd30792\" data-element_type=\"container\" data-e-type=\"container\">\n\t\t\t\t\t<div class=\"e-con-inner\">\n\t\t<div class=\"elementor-element elementor-element-6080ebc9 e-con-full e-flex e-con e-child\" data-id=\"6080ebc9\" data-element_type=\"container\" data-e-type=\"container\">\n\t\t\t\t<div class=\"elementor-element elementor-element-5eddb741 elementor-widget elementor-widget-heading\" data-id=\"5eddb741\" data-element_type=\"widget\" data-e-type=\"widget\" data-widget_type=\"heading.default\">\n\t\t\t\t<div class=\"elementor-widget-container\">\n\t\t\t\t\t<h1 class=\"elementor-heading-title elementor-size-default\">Experi\u00eancias e atividades em Albufeira\u200b\n<\/h1>\t\t\t\t<\/div>\n\t\t\t\t<\/div>\n\t\t\t\t<div class=\"elementor-element elementor-element-7a761961 elementor-widget elementor-widget-heading\" data-id=\"7a761961\" data-element_type=\"widget\" data-e-type=\"widget\" data-widget_type=\"heading.default\">\n\t\t\t\t<div class=\"elementor-widget-container\">\n\t\t\t\t\t<p class=\"elementor-heading-title elementor-size-default\">Diverte-te com a tua fam\u00edlia e amigos.<\/p>\t\t\t\t<\/div>\n\t\t\t\t<\/div>\n\t\t\t\t<\/div>\n\t\t\t\t\t<\/div>\n\t\t\t\t<\/div>\n\t\t\t\t\t<\/div>\n\t\t\t\t<\/div>\n\t\t<div class=\"elementor-element elementor-element-292eaf96 e-flex e-con-boxed e-con e-parent\" data-id=\"292eaf96\" data-element_type=\"container\" data-e-type=\"container\">\n\t\t\t\t\t<div class=\"e-con-inner\">\n\t\t<div class=\"elementor-element elementor-element-2b54fbf8 e-flex e-con-boxed e-con e-child\" data-id=\"2b54fbf8\" data-element_type=\"container\" data-e-type=\"container\">\n\t\t\t\t\t<div class=\"e-con-inner\">\n\t\t\t\t<div class=\"elementor-element elementor-element-4955b5e elementor-widget elementor-widget-heading\" data-id=\"4955b5e\" data-element_type=\"widget\" data-e-type=\"widget\" data-widget_type=\"heading.default\">\n\t\t\t\t<div class=\"elementor-widget-container\">\n\t\t\t\t\t<p class=\"elementor-heading-title elementor-size-default\">Descobre Albufeira e outros cantinhos do Algarve\n<\/p>\t\t\t\t<\/div>\n\t\t\t\t<\/div>\n\t\t\t\t<div class=\"elementor-element elementor-element-3f5bdb0 elementor-widget elementor-widget-heading\" data-id=\"3f5bdb0\" data-element_type=\"widget\" data-e-type=\"widget\" data-widget_type=\"heading.default\">\n\t\t\t\t<div class=\"elementor-widget-container\">\n\t\t\t\t\t<h2 class=\"elementor-heading-title elementor-size-default\">Reserve experi\u00eancias \u00fanicas em Albufeira<\/h2>\t\t\t\t<\/div>\n\t\t\t\t<\/div>\n\t\t\t\t<div class=\"elementor-element elementor-element-200d801 elementor-widget elementor-widget-text-editor\" data-id=\"200d801\" data-element_type=\"widget\" data-e-type=\"widget\" data-widget_type=\"text-editor.default\">\n\t\t\t\t<div class=\"elementor-widget-container\">\n\t\t\t\t\t\t\t\t\t<div class=\"header_description animation-on-scroll fadeInUp animate__fadeInUp\"><div class=\"widget-header__titles\"><div class=\"its--row texto_ofertas-wrapper\"><div class=\"its--container-fluid\"><div class=\"its--col-sm-12\"><div class=\"widget texto_ofertas\"><div class=\"widget_inner\"><p>Rumar a sul! Que bom! Praias, mar, sol\u2026 Mas e se passar f\u00e9rias no Algarve n\u00e3o for s\u00f3 ir \u00e0 praia? O Algarve tem muito mais para te oferecer e, por isso, porque n\u00e3o aproveitar um dia em que o tempo n\u00e3o ajuda ou simplesmente apetece fazer algo diferente? Temos algumas sugest\u00f5es de experi\u00eancias e atividades em Albufeira para si.<\/p><\/div><\/div><\/div><\/div><\/div><div class=\"its--row civitatis-wrapper\"><div class=\"its--container-fluid\"><div class=\"its--col-sm-12\"><div class=\"widget civitatis\">\u00a0<\/div><\/div><\/div><\/div><\/div><\/div><figure class=\"cover-image animation-on-scroll fadeInRight animate__fadeInRight\"><\/figure>\t\t\t\t\t\t\t\t<\/div>\n\t\t\t\t<\/div>\n\t\t\t\t<div class=\"elementor-element elementor-element-de317d6 elementor-widget elementor-widget-html\" data-id=\"de317d6\" data-element_type=\"widget\" data-e-type=\"widget\" data-widget_type=\"html.default\">\n\t\t\t\t<div class=\"elementor-widget-container\">\n\t\t\t\t\t<iframe class=\"civitatis-iframe\" src=\"https:\/\/www.civitatis.com\/widget-activities\/?agencyId=45038&amp;display=comfort&amp;cant=6&amp;lang=pt&amp;currency=EUR&amp;destination=164&amp;transfer=0&amp;cmp=Widget_Albufeira_PT&amp;width=100%&amp;hideButton=0&amp;centerContent=1&amp;typeSelection=all&amp;color=28cbc0&amp;typography=Montserrat&amp;removeBackground=1&amp;showShadow=1&amp;roundedButtons=1\" width=\"100%\" frameborder=\"0\" data-maxwidth=\"100%\" style=\"max-width: 100%; overflow: hidden; height: 1734px\" id=\"iFrameResizer0\" scrolling=\"no\"><\/iframe>\t\t\t\t<\/div>\n\t\t\t\t<\/div>\n\t\t\t\t\t<\/div>\n\t\t\t\t<\/div>\n\t\t\t\t\t<\/div>\n\t\t\t\t<\/div>\n\t\t\t\t<\/div>\n\t\t","protected":false},"excerpt":{"rendered":"<p>Experi\u00eancias e atividades em Albufeira\u200b Diverte-te com a tua fam\u00edlia e amigos. Descobre Albufeira e outros cantinhos do Algarve Reserve experi\u00eancias \u00fanicas em Albufeira Rumar a sul! Que bom! Praias, mar, sol\u2026 Mas e se passar f\u00e9rias no Algarve n\u00e3o for s\u00f3 ir \u00e0 praia? O Algarve tem muito mais para te oferecer e, por [&hellip;]<\/p>\n","protected":false},"author":3,"featured_media":2441,"parent":0,"menu_order":0,"comment_status":"closed","ping_status":"closed","template":"","meta":{"footnotes":""},"class_list":["post-2604","page","type-page","status-publish","has-post-thumbnail","hentry"],"yoast_head":"<!-- This site is optimized with the Yoast SEO plugin v26.5 - https:\/\/yoast.com\/wordpress\/plugins\/seo\/ -->\n<title>As nossas experi\u00eancias e atividades em Albufeira | OC Villas<\/title>\n<meta name=\"description\" content=\"Diverte-te com a tua fam\u00edlia e amigos. Reserva experi\u00eancias e atividades em Albufeira com a My Portugal Experience by OC Villas.\" \/>\n<meta name=\"robots\" content=\"index, follow, max-snippet:-1, max-image-preview:large, max-video-preview:-1\" \/>\n<link rel=\"canonical\" href=\"https:\/\/www.myportugalexperience.com\/blog\/experiencias-e-atividades-em-albufeira\/\" \/>\n<meta property=\"og:locale\" content=\"pt_PT\" \/>\n<meta property=\"og:type\" content=\"article\" \/>\n<meta property=\"og:title\" content=\"As nossas experi\u00eancias e atividades em Albufeira | OC Villas\" \/>\n<meta property=\"og:description\" content=\"Diverte-te com a tua fam\u00edlia e amigos. Reserva experi\u00eancias e atividades em Albufeira com a My Portugal Experience by OC Villas.\" \/>\n<meta property=\"og:url\" content=\"https:\/\/www.myportugalexperience.com\/blog\/experiencias-e-atividades-em-albufeira\/\" \/>\n<meta property=\"og:site_name\" content=\"Blog\" \/>\n<meta property=\"article:modified_time\" content=\"2026-03-27T07:15:53+00:00\" \/>\n<meta property=\"og:image\" content=\"https:\/\/www.myportugalexperience.com\/blog\/wp-content\/uploads\/2026\/03\/experiences-and-activities-to-do-in-albufeira-1_-1.webp\" \/>\n\t<meta property=\"og:image:width\" content=\"1920\" \/>\n\t<meta property=\"og:image:height\" content=\"400\" \/>\n\t<meta property=\"og:image:type\" content=\"image\/webp\" \/>\n<meta name=\"twitter:card\" content=\"summary_large_image\" \/>\n<meta name=\"twitter:label1\" content=\"Est. reading time\" \/>\n\t<meta name=\"twitter:data1\" content=\"1 minute\" \/>\n<script type=\"application\/ld+json\" class=\"yoast-schema-graph\">{\"@context\":\"https:\/\/schema.org\",\"@graph\":[{\"@type\":\"WebPage\",\"@id\":\"https:\/\/www.myportugalexperience.com\/blog\/experiencias-e-atividades-em-albufeira\/\",\"url\":\"https:\/\/www.myportugalexperience.com\/blog\/experiencias-e-atividades-em-albufeira\/\",\"name\":\"As nossas experi\u00eancias e atividades em Albufeira | OC Villas\",\"isPartOf\":{\"@id\":\"https:\/\/www.myportugalexperience.com\/blog\/#website\"},\"primaryImageOfPage\":{\"@id\":\"https:\/\/www.myportugalexperience.com\/blog\/experiencias-e-atividades-em-albufeira\/#primaryimage\"},\"image\":{\"@id\":\"https:\/\/www.myportugalexperience.com\/blog\/experiencias-e-atividades-em-albufeira\/#primaryimage\"},\"thumbnailUrl\":\"https:\/\/www.myportugalexperience.com\/blog\/wp-content\/uploads\/2026\/03\/experiences-and-activities-to-do-in-albufeira-1_-1.webp\",\"datePublished\":\"2026-03-09T14:36:18+00:00\",\"dateModified\":\"2026-03-27T07:15:53+00:00\",\"description\":\"Diverte-te com a tua fam\u00edlia e amigos. Reserva experi\u00eancias e atividades em Albufeira com a My Portugal Experience by OC Villas.\",\"breadcrumb\":{\"@id\":\"https:\/\/www.myportugalexperience.com\/blog\/experiencias-e-atividades-em-albufeira\/#breadcrumb\"},\"inLanguage\":\"pt\",\"potentialAction\":[{\"@type\":\"ReadAction\",\"target\":[\"https:\/\/www.myportugalexperience.com\/blog\/experiencias-e-atividades-em-albufeira\/\"]}]},{\"@type\":\"ImageObject\",\"inLanguage\":\"pt\",\"@id\":\"https:\/\/www.myportugalexperience.com\/blog\/experiencias-e-atividades-em-albufeira\/#primaryimage\",\"url\":\"https:\/\/www.myportugalexperience.com\/blog\/wp-content\/uploads\/2026\/03\/experiences-and-activities-to-do-in-albufeira-1_-1.webp\",\"contentUrl\":\"https:\/\/www.myportugalexperience.com\/blog\/wp-content\/uploads\/2026\/03\/experiences-and-activities-to-do-in-albufeira-1_-1.webp\",\"width\":1920,\"height\":400},{\"@type\":\"BreadcrumbList\",\"@id\":\"https:\/\/www.myportugalexperience.com\/blog\/experiencias-e-atividades-em-albufeira\/#breadcrumb\",\"itemListElement\":[{\"@type\":\"ListItem\",\"position\":1,\"name\":\"Home\",\"item\":\"https:\/\/www.myportugalexperience.com\/blog\/\"},{\"@type\":\"ListItem\",\"position\":2,\"name\":\"Experi\u00eancias e atividades em Albufeira\u200b\"}]},{\"@type\":\"WebSite\",\"@id\":\"https:\/\/www.myportugalexperience.com\/blog\/#website\",\"url\":\"https:\/\/www.myportugalexperience.com\/blog\/\",\"name\":\"Blog\",\"description\":\"OC VILLAS\",\"potentialAction\":[{\"@type\":\"SearchAction\",\"target\":{\"@type\":\"EntryPoint\",\"urlTemplate\":\"https:\/\/www.myportugalexperience.com\/blog\/?s={search_term_string}\"},\"query-input\":{\"@type\":\"PropertyValueSpecification\",\"valueRequired\":true,\"valueName\":\"search_term_string\"}}],\"inLanguage\":\"pt\"}]}<\/script>\n<!-- \/ Yoast SEO plugin. -->","yoast_head_json":{"title":"As nossas experi\u00eancias e atividades em Albufeira | OC Villas","description":"Diverte-te com a tua fam\u00edlia e amigos. Reserva experi\u00eancias e atividades em Albufeira com a My Portugal Experience by OC Villas.","robots":{"index":"index","follow":"follow","max-snippet":"max-snippet:-1","max-image-preview":"max-image-preview:large","max-video-preview":"max-video-preview:-1"},"canonical":"https:\/\/www.myportugalexperience.com\/blog\/experiencias-e-atividades-em-albufeira\/","og_locale":"pt_PT","og_type":"article","og_title":"As nossas experi\u00eancias e atividades em Albufeira | OC Villas","og_description":"Diverte-te com a tua fam\u00edlia e amigos. Reserva experi\u00eancias e atividades em Albufeira com a My Portugal Experience by OC Villas.","og_url":"https:\/\/www.myportugalexperience.com\/blog\/experiencias-e-atividades-em-albufeira\/","og_site_name":"Blog","article_modified_time":"2026-03-27T07:15:53+00:00","og_image":[{"width":1920,"height":400,"url":"https:\/\/www.myportugalexperience.com\/blog\/wp-content\/uploads\/2026\/03\/experiences-and-activities-to-do-in-albufeira-1_-1.webp","type":"image\/webp"}],"twitter_card":"summary_large_image","twitter_misc":{"Est. reading time":"1 minute"},"schema":{"@context":"https:\/\/schema.org","@graph":[{"@type":"WebPage","@id":"https:\/\/www.myportugalexperience.com\/blog\/experiencias-e-atividades-em-albufeira\/","url":"https:\/\/www.myportugalexperience.com\/blog\/experiencias-e-atividades-em-albufeira\/","name":"As nossas experi\u00eancias e atividades em Albufeira | OC Villas","isPartOf":{"@id":"https:\/\/www.myportugalexperience.com\/blog\/#website"},"primaryImageOfPage":{"@id":"https:\/\/www.myportugalexperience.com\/blog\/experiencias-e-atividades-em-albufeira\/#primaryimage"},"image":{"@id":"https:\/\/www.myportugalexperience.com\/blog\/experiencias-e-atividades-em-albufeira\/#primaryimage"},"thumbnailUrl":"https:\/\/www.myportugalexperience.com\/blog\/wp-content\/uploads\/2026\/03\/experiences-and-activities-to-do-in-albufeira-1_-1.webp","datePublished":"2026-03-09T14:36:18+00:00","dateModified":"2026-03-27T07:15:53+00:00","description":"Diverte-te com a tua fam\u00edlia e amigos. Reserva experi\u00eancias e atividades em Albufeira com a My Portugal Experience by OC Villas.","breadcrumb":{"@id":"https:\/\/www.myportugalexperience.com\/blog\/experiencias-e-atividades-em-albufeira\/#breadcrumb"},"inLanguage":"pt","potentialAction":[{"@type":"ReadAction","target":["https:\/\/www.myportugalexperience.com\/blog\/experiencias-e-atividades-em-albufeira\/"]}]},{"@type":"ImageObject","inLanguage":"pt","@id":"https:\/\/www.myportugalexperience.com\/blog\/experiencias-e-atividades-em-albufeira\/#primaryimage","url":"https:\/\/www.myportugalexperience.com\/blog\/wp-content\/uploads\/2026\/03\/experiences-and-activities-to-do-in-albufeira-1_-1.webp","contentUrl":"https:\/\/www.myportugalexperience.com\/blog\/wp-content\/uploads\/2026\/03\/experiences-and-activities-to-do-in-albufeira-1_-1.webp","width":1920,"height":400},{"@type":"BreadcrumbList","@id":"https:\/\/www.myportugalexperience.com\/blog\/experiencias-e-atividades-em-albufeira\/#breadcrumb","itemListElement":[{"@type":"ListItem","position":1,"name":"Home","item":"https:\/\/www.myportugalexperience.com\/blog\/"},{"@type":"ListItem","position":2,"name":"Experi\u00eancias e atividades em Albufeira\u200b"}]},{"@type":"WebSite","@id":"https:\/\/www.myportugalexperience.com\/blog\/#website","url":"https:\/\/www.myportugalexperience.com\/blog\/","name":"Blog","description":"OC VILLAS","potentialAction":[{"@type":"SearchAction","target":{"@type":"EntryPoint","urlTemplate":"https:\/\/www.myportugalexperience.com\/blog\/?s={search_term_string}"},"query-input":{"@type":"PropertyValueSpecification","valueRequired":true,"valueName":"search_term_string"}}],"inLanguage":"pt"}]}},"_links":{"self":[{"href":"https:\/\/www.myportugalexperience.com\/blog\/wp-json\/wp\/v2\/pages\/2604","targetHints":{"allow":["GET"]}}],"collection":[{"href":"https:\/\/www.myportugalexperience.com\/blog\/wp-json\/wp\/v2\/pages"}],"about":[{"href":"https:\/\/www.myportugalexperience.com\/blog\/wp-json\/wp\/v2\/types\/page"}],"author":[{"embeddable":true,"href":"https:\/\/www.myportugalexperience.com\/blog\/wp-json\/wp\/v2\/users\/3"}],"replies":[{"embeddable":true,"href":"https:\/\/www.myportugalexperience.com\/blog\/wp-json\/wp\/v2\/comments?post=2604"}],"version-history":[{"count":9,"href":"https:\/\/www.myportugalexperience.com\/blog\/wp-json\/wp\/v2\/pages\/2604\/revisions"}],"predecessor-version":[{"id":2878,"href":"https:\/\/www.myportugalexperience.com\/blog\/wp-json\/wp\/v2\/pages\/2604\/revisions\/2878"}],"wp:featuredmedia":[{"embeddable":true,"href":"https:\/\/www.myportugalexperience.com\/blog\/wp-json\/wp\/v2\/media\/2441"}],"wp:attachment":[{"href":"https:\/\/www.myportugalexperience.com\/blog\/wp-json\/wp\/v2\/media?parent=2604"}],"curies":[{"name":"wp","href":"https:\/\/api.w.org\/{rel}","templated":true}]}}